{"id":43,"date":"2020-05-08T11:13:44","date_gmt":"2020-05-08T14:13:44","guid":{"rendered":"http:\/\/donflex.com.ar\/?page_id=43"},"modified":"2023-10-03T15:20:30","modified_gmt":"2023-10-03T18:20:30","slug":"politica-de-calidad","status":"publish","type":"page","link":"https:\/\/donflex.com.ar\/?page_id=43","title":{"rendered":"Pol\u00edtica de Calidad"},"content":{"rendered":"\n<p>El prestigio actual de La Empresa es el resultado de la confianza que supo generar y la calidad manifestada en los productos ofrecidos.<\/p>\n\n\n\n<p>La pasi\u00f3n por lo que hacemos y la responsabilidad social puesta de manifiesto en nuestros logros, nos permite aventurarnos mas all\u00e1 de lo imaginado en nuestros comienzos.<\/p>\n\n\n\n<p>Por ese motivo, destacamos nuestro compromiso con la calidad, la innovaci\u00f3n y la mejora continua, desarrollando nuestra actividad bajo un sistema de gesti\u00f3n de calidad, con la mirada puesta en el futuro.<\/p>\n\n\n\n<p>Nuestra misi\u00f3n consiste en dise\u00f1ar, producir y comercializar etiquetas y paneles con impresi\u00f3n serigr\u00e1fica, teclados a membrana y se\u00f1al\u00e9tica industrial de la mas alta calidad y confiabilidad logrando obtener la rentabilidad que nos permita continuar con el negocio y con un crecimiento tecnol\u00f3gico.<\/p>\n\n\n\n<p>La excelencia operativa obtenida, es fruto del compromiso asumido por la Direcci\u00f3n en el sostenimiento de un Sistema de Gesti\u00f3n de la calidad en toda la empresa, que asegure los procesos de mejora continua, acompa\u00f1ados por el nivel operativo requerido de nuestros proveedores y la permanente capacitaci\u00f3n del personal.<\/p>\n\n\n\n<p>Nuestra visi\u00f3n se orienta al crecimiento lento y sostenido en el mercado Local y a comenzar a incursionar en el mercado de exportaci\u00f3n en un mediano plazo, sustentado en los valores enunciados y asumidos por la Direcci\u00f3n, orientados a garantizar la satisfacci\u00f3n de nuestros clientes, cumplimiento de los requisitos aplicables y la Mejora continua.<\/p>\n\n\n\n<p>Queremos:<br>\u2022 Ser reconocidos por la calidad de nuestros productos y servicios<br>\u2022 Obtener la fidelizaci\u00f3n de nuestros clientes<br>\u2022 Expandir nuestras ventas hacia el Exterior<\/p>\n\n\n\n<p>Lo queremos lograr:<br>\u2022 Fomentando los canales de comunicaci\u00f3n con nuestros clientes para la mejora continua de nuestros procesos.<\/p>\n\n\n\n<p>Y de este modo:<br>\u2022 Asegurar la calidad de nuestros procesos y productos<br>\u2022 Superar las expectativas de nuestros clientes.<br>\u2022 Cumplir con los Requisitos Aplicables<br>\u2022 Mejorar nuestros Procesos y Sistema de Gesti\u00f3n de Calidad<\/p>\n\n\n\n<p><a href=\"https:\/\/www.donflex.com.ar\/upload\/Certificado_ISO9001.pdf\" data-type=\"URL\" data-id=\"https:\/\/www.donflex.com.ar\/upload\/Certificado_ISO9001.pdf\"><strong>Ver Certificado ISO 9001<\/strong><\/a><\/p>\n","protected":false},"excerpt":{"rendered":"<p>El prestigio actual de La Empresa es el resultado de la confianza que supo generar y la calidad manifestada en los productos ofrecidos. La pasi\u00f3n por lo que hacemos y la responsabilidad social puesta de manifiesto en nuestros logros, nos permite aventurarnos mas all\u00e1 de lo imaginado en nuestros comienzos. Por ese motivo, destacamos nuestro [&hellip;]<\/p>\n","protected":false},"author":1,"featured_media":0,"parent":0,"menu_order":0,"comment_status":"closed","ping_status":"closed","template":"","meta":{"footnotes":"","_joinchat":[]},"_links":{"self":[{"href":"https:\/\/donflex.com.ar\/index.php?rest_route=\/wp\/v2\/pages\/43"}],"collection":[{"href":"https:\/\/donflex.com.ar\/index.php?rest_route=\/wp\/v2\/pages"}],"about":[{"href":"https:\/\/donflex.com.ar\/index.php?rest_route=\/wp\/v2\/types\/page"}],"author":[{"embeddable":true,"href":"https:\/\/donflex.com.ar\/index.php?rest_route=\/wp\/v2\/users\/1"}],"replies":[{"embeddable":true,"href":"https:\/\/donflex.com.ar\/index.php?rest_route=%2Fwp%2Fv2%2Fcomments&post=43"}],"version-history":[{"count":7,"href":"https:\/\/donflex.com.ar\/index.php?rest_route=\/wp\/v2\/pages\/43\/revisions"}],"predecessor-version":[{"id":505,"href":"https:\/\/donflex.com.ar\/index.php?rest_route=\/wp\/v2\/pages\/43\/revisions\/505"}],"wp:attachment":[{"href":"https:\/\/donflex.com.ar\/index.php?rest_route=%2Fwp%2Fv2%2Fmedia&parent=43"}],"curies":[{"name":"wp","href":"https:\/\/api.w.org\/{rel}","templated":true}]}}