{"id":41,"date":"2020-05-08T11:11:35","date_gmt":"2020-05-08T14:11:35","guid":{"rendered":"http:\/\/donflex.com.ar\/?page_id=41"},"modified":"2023-10-03T15:19:05","modified_gmt":"2023-10-03T18:19:05","slug":"la-empresa","status":"publish","type":"page","link":"https:\/\/donflex.com.ar\/?page_id=41","title":{"rendered":"La Empresa"},"content":{"rendered":"\n<p>Donflex Saja nace como resultado de a\u00f1os de investigaci\u00f3n y desarrollo de tecnolog\u00edas aplicadas a la fabricaci\u00f3n de teclados de membrana, impresiones industriales y manufacturaci\u00f3n de plasticos en general.<\/p>\n\n\n\n<p>Atendemos las necesidades particulares de cada cliente, en peque\u00f1as, medianas o grandes producciones, ofreciendole un servicio personalizado, utilizando tecnolog\u00edas y productos de \u00faltima generaci\u00f3n aplicados al dise\u00f1o, desarrollo y producci\u00f3n de los mismos. En el mes de Septiembre de 2016 nos hemos convertido en la \u00fanica empresa argentina, en el rubro, con certificaci\u00f3n normas IRAM-ISO 9001, bajo el n\u00famero de registro 9000-6967<\/p>\n\n\n\n<p><a href=\"https:\/\/www.donflex.com.ar\/upload\/Certificado_ISO9001.pdf\" data-type=\"URL\" data-id=\"https:\/\/www.donflex.com.ar\/upload\/Certificado_ISO9001.pdf\"><strong>Ver Certificado ISO 9001<\/strong><\/a><\/p>\n\n\n\n<hr class=\"wp-block-separator has-css-opacity is-style-wide\"\/>\n\n\n\n<h4 class=\"wp-block-heading has-text-align-left\"><a href=\"http:\/\/donflex.com.ar\/?page_id=43\">Conozca nuestra Pol\u00edtica de Calidad<\/a><\/h4>\n\n\n\n<p><\/p>\n","protected":false},"excerpt":{"rendered":"<p>Donflex Saja nace como resultado de a\u00f1os de investigaci\u00f3n y desarrollo de tecnolog\u00edas aplicadas a la fabricaci\u00f3n de teclados de membrana, impresiones industriales y manufacturaci\u00f3n de plasticos en general. Atendemos las necesidades particulares de cada cliente, en peque\u00f1as, medianas o grandes producciones, ofreciendole un servicio personalizado, utilizando tecnolog\u00edas y productos de \u00faltima generaci\u00f3n aplicados al [&hellip;]<\/p>\n","protected":false},"author":1,"featured_media":0,"parent":0,"menu_order":0,"comment_status":"closed","ping_status":"closed","template":"","meta":{"footnotes":"","_joinchat":[]},"_links":{"self":[{"href":"https:\/\/donflex.com.ar\/index.php?rest_route=\/wp\/v2\/pages\/41"}],"collection":[{"href":"https:\/\/donflex.com.ar\/index.php?rest_route=\/wp\/v2\/pages"}],"about":[{"href":"https:\/\/donflex.com.ar\/index.php?rest_route=\/wp\/v2\/types\/page"}],"author":[{"embeddable":true,"href":"https:\/\/donflex.com.ar\/index.php?rest_route=\/wp\/v2\/users\/1"}],"replies":[{"embeddable":true,"href":"https:\/\/donflex.com.ar\/index.php?rest_route=%2Fwp%2Fv2%2Fcomments&post=41"}],"version-history":[{"count":16,"href":"https:\/\/donflex.com.ar\/index.php?rest_route=\/wp\/v2\/pages\/41\/revisions"}],"predecessor-version":[{"id":504,"href":"https:\/\/donflex.com.ar\/index.php?rest_route=\/wp\/v2\/pages\/41\/revisions\/504"}],"wp:attachment":[{"href":"https:\/\/donflex.com.ar\/index.php?rest_route=%2Fwp%2Fv2%2Fmedia&parent=41"}],"curies":[{"name":"wp","href":"https:\/\/api.w.org\/{rel}","templated":true}]}}