{"id":332,"date":"2020-05-19T16:24:23","date_gmt":"2020-05-19T19:24:23","guid":{"rendered":"http:\/\/donflex.com.ar\/?page_id=332"},"modified":"2020-05-19T16:26:06","modified_gmt":"2020-05-19T19:26:06","slug":"otros-servicios","status":"publish","type":"page","link":"https:\/\/donflex.com.ar\/?page_id=332","title":{"rendered":"Otros Servicios"},"content":{"rendered":"\n<figure class=\"wp-block-image size-large\"><img loading=\"lazy\" decoding=\"async\" width=\"450\" height=\"225\" src=\"http:\/\/donflex.com.ar\/wp-content\/uploads\/2020\/05\/4-otrosservicios.jpg\" alt=\"\" class=\"wp-image-131\" srcset=\"https:\/\/donflex.com.ar\/wp-content\/uploads\/2020\/05\/4-otrosservicios.jpg 450w, https:\/\/donflex.com.ar\/wp-content\/uploads\/2020\/05\/4-otrosservicios-300x150.jpg 300w\" sizes=\"(max-width: 450px) 100vw, 450px\" \/><\/figure>\n\n\n\n<p>Realizaci\u00f3n de matricer\u00eda de inyecci\u00f3n de piezas complementarias para proyectos especiales.<\/p>\n","protected":false},"excerpt":{"rendered":"<p>Realizaci\u00f3n de matricer\u00eda de inyecci\u00f3n de piezas complementarias para proyectos especiales.<\/p>\n","protected":false},"author":1,"featured_media":0,"parent":0,"menu_order":0,"comment_status":"closed","ping_status":"closed","template":"","meta":{"footnotes":"","_joinchat":[]},"_links":{"self":[{"href":"https:\/\/donflex.com.ar\/index.php?rest_route=\/wp\/v2\/pages\/332"}],"collection":[{"href":"https:\/\/donflex.com.ar\/index.php?rest_route=\/wp\/v2\/pages"}],"about":[{"href":"https:\/\/donflex.com.ar\/index.php?rest_route=\/wp\/v2\/types\/page"}],"author":[{"embeddable":true,"href":"https:\/\/donflex.com.ar\/index.php?rest_route=\/wp\/v2\/users\/1"}],"replies":[{"embeddable":true,"href":"https:\/\/donflex.com.ar\/index.php?rest_route=%2Fwp%2Fv2%2Fcomments&post=332"}],"version-history":[{"count":2,"href":"https:\/\/donflex.com.ar\/index.php?rest_route=\/wp\/v2\/pages\/332\/revisions"}],"predecessor-version":[{"id":334,"href":"https:\/\/donflex.com.ar\/index.php?rest_route=\/wp\/v2\/pages\/332\/revisions\/334"}],"wp:attachment":[{"href":"https:\/\/donflex.com.ar\/index.php?rest_route=%2Fwp%2Fv2%2Fmedia&parent=332"}],"curies":[{"name":"wp","href":"https:\/\/api.w.org\/{rel}","templated":true}]}}