{"id":326,"date":"2020-05-19T16:15:30","date_gmt":"2020-05-19T19:15:30","guid":{"rendered":"http:\/\/donflex.com.ar\/?page_id=326"},"modified":"2020-05-19T16:17:38","modified_gmt":"2020-05-19T19:17:38","slug":"teclados-de-membrana","status":"publish","type":"page","link":"https:\/\/donflex.com.ar\/?page_id=326","title":{"rendered":"Teclados de Membrana"},"content":{"rendered":"\n<div class=\"alignnormal\"><div id=\"metaslider-id-117\" style=\"width: 100%;\" class=\"ml-slider-3-60-1 metaslider metaslider-flex metaslider-117 ml-slider ms-theme-default\" role=\"region\" aria-roledescription=\"Slideshow\" aria-label=\"teclados\">\n    <div id=\"metaslider_container_117\">\n        <div id=\"metaslider_117\">\n            <ul aria-live=\"polite\" class=\"slides\">\n                <li style=\"display: block; width: 100%;\" class=\"slide-537 ms-image\" aria-roledescription=\"slide\" aria-label=\"slide-537\"><img loading=\"lazy\" decoding=\"async\" src=\"https:\/\/donflex.com.ar\/wp-content\/uploads\/2024\/01\/2401-SliderTec4.png\" height=\"250\" width=\"450\" alt=\"\" class=\"slider-117 slide-537\" title=\"2401 SliderTec4\" \/><\/li>\n                <li style=\"display: none; width: 100%;\" class=\"slide-119 ms-image\" aria-roledescription=\"slide\" aria-label=\"slide-119\"><img loading=\"lazy\" decoding=\"async\" src=\"https:\/\/donflex.com.ar\/wp-content\/uploads\/2024\/01\/2401-SliderTec3.png\" height=\"250\" width=\"450\" alt=\"\" class=\"slider-117 slide-119\" title=\"2401 SliderTec3\" \/><\/li>\n                <li style=\"display: none; width: 100%;\" class=\"slide-533 ms-image\" aria-roledescription=\"slide\" aria-label=\"slide-533\"><img loading=\"lazy\" decoding=\"async\" src=\"https:\/\/donflex.com.ar\/wp-content\/uploads\/2024\/01\/2401-SliderTec2.png\" height=\"250\" width=\"450\" alt=\"\" class=\"slider-117 slide-533\" title=\"2401 SliderTec2\" \/><\/li>\n            <\/ul>\n        <\/div>\n        \n    <\/div>\n<\/div><\/div>\n\n\n\n<p>Los teclados de membrana poseen caracter\u00edsticas constructivas y de pre fabricaci\u00f3n que se diferencian, y aventajan a otros tipos de teclados, ya sea en costos como as\u00ed tambi\u00e9n en funcionalidad y est\u00e9tica.<\/p>\n\n\n\n<p>Los mismos, en sus diferentes modalidades de construcci\u00f3n, pueden ser aplicados a diversos equipos en casi cualquier \u00e1mbito de uso.<\/p>\n\n\n\n<p>Nuestros teclados de membrana tienen un reducido costo de prefabricaci\u00f3n dado que nuestra empresa fabrica su propio herramental.<\/p>\n\n\n\n<div class=\"wp-block-columns is-layout-flex wp-container-core-columns-layout-1 wp-block-columns-is-layout-flex\">\n<div class=\"wp-block-column is-layout-flow wp-block-column-is-layout-flow\">\n<h3 class=\"wp-block-heading\">Teclados planos<\/h3>\n\n\n\n<figure class=\"wp-block-image size-large\"><img loading=\"lazy\" decoding=\"async\" width=\"288\" height=\"97\" src=\"http:\/\/donflex.com.ar\/wp-content\/uploads\/2020\/05\/plano.png\" alt=\"\" class=\"wp-image-144\"\/><\/figure>\n\n\n\n<p>Los mismos no poseen relieve en las teclas pero si son aptos para generar teclas casi sin l\u00edmites de forma y tama\u00f1o, es la opci\u00f3n m\u00e1s econ\u00f3mica y con mayor vida \u00fatil.<\/p>\n\n\n\n<p><strong>Policarbonato:<\/strong><br>2.000.000 de operaciones en cada tecla.<br><strong>Poliester:<\/strong><br>8.000.000 de operaciones en cada tecla.<\/p>\n<\/div>\n\n\n\n<div class=\"wp-block-column is-layout-flow wp-block-column-is-layout-flow\">\n<h3 class=\"wp-block-heading\">Con relieve en el frente<\/h3>\n\n\n\n<figure class=\"wp-block-image size-large\"><img loading=\"lazy\" decoding=\"async\" width=\"264\" height=\"90\" src=\"http:\/\/donflex.com.ar\/wp-content\/uploads\/2020\/05\/burbuja.png\" alt=\"\" class=\"wp-image-145\"\/><\/figure>\n\n\n\n<p>Estos teclados poseen el relieve en las teclas de forma circular, poseen una agradable sensaci\u00f3n de toque y son levemente m\u00e1s costosos que los planos. Vida \u00fatil:<\/p>\n\n\n\n<p><strong><strong>Policarbonato<\/strong>:<\/strong><br>1.000.000 de operaciones en cada tecla.<br><strong><strong>Poliester<\/strong>:<\/strong><br>4.000.000 de operaciones en cada tecla.<\/p>\n<\/div>\n\n\n\n<div class=\"wp-block-column is-layout-flow wp-block-column-is-layout-flow\">\n<h3 class=\"wp-block-heading\">Otras opciones<\/h3>\n\n\n\n<figure class=\"wp-block-image size-large\"><img loading=\"lazy\" decoding=\"async\" width=\"264\" height=\"90\" src=\"http:\/\/donflex.com.ar\/wp-content\/uploads\/2020\/05\/otros.png\" alt=\"\" class=\"wp-image-146\"\/><\/figure>\n\n\n\n<p><br>&#8211; Montaje SMD de LEDS<br>&#8211; Transparencias<br>&#8211; Gr\u00e1fica Removible<br>&#8211; Bases R\u00edgidas<\/p>\n<\/div>\n<\/div>\n\n\n\n<hr class=\"wp-block-separator is-style-wide\"\/>\n\n\n\n<h4 class=\"wp-block-heading\"><a href=\"http:\/\/donflex.com.ar\/?page_id=183\">Teclados l\u00ednea Estandar<\/a><\/h4>\n","protected":false},"excerpt":{"rendered":"<p>Los teclados de membrana poseen caracter\u00edsticas constructivas y de pre fabricaci\u00f3n que se diferencian, y aventajan a otros tipos de teclados, ya sea en costos como as\u00ed tambi\u00e9n en funcionalidad y est\u00e9tica. Los mismos, en sus diferentes modalidades de construcci\u00f3n, pueden ser aplicados a diversos equipos en casi cualquier \u00e1mbito de uso. Nuestros teclados de [&hellip;]<\/p>\n","protected":false},"author":1,"featured_media":0,"parent":0,"menu_order":0,"comment_status":"closed","ping_status":"closed","template":"","meta":{"footnotes":"","_joinchat":[]},"_links":{"self":[{"href":"https:\/\/donflex.com.ar\/index.php?rest_route=\/wp\/v2\/pages\/326"}],"collection":[{"href":"https:\/\/donflex.com.ar\/index.php?rest_route=\/wp\/v2\/pages"}],"about":[{"href":"https:\/\/donflex.com.ar\/index.php?rest_route=\/wp\/v2\/types\/page"}],"author":[{"embeddable":true,"href":"https:\/\/donflex.com.ar\/index.php?rest_route=\/wp\/v2\/users\/1"}],"replies":[{"embeddable":true,"href":"https:\/\/donflex.com.ar\/index.php?rest_route=%2Fwp%2Fv2%2Fcomments&post=326"}],"version-history":[{"count":2,"href":"https:\/\/donflex.com.ar\/index.php?rest_route=\/wp\/v2\/pages\/326\/revisions"}],"predecessor-version":[{"id":328,"href":"https:\/\/donflex.com.ar\/index.php?rest_route=\/wp\/v2\/pages\/326\/revisions\/328"}],"wp:attachment":[{"href":"https:\/\/donflex.com.ar\/index.php?rest_route=%2Fwp%2Fv2%2Fmedia&parent=326"}],"curies":[{"name":"wp","href":"https:\/\/api.w.org\/{rel}","templated":true}]}}