{"id":183,"date":"2020-05-15T13:49:23","date_gmt":"2020-05-15T16:49:23","guid":{"rendered":"http:\/\/donflex.com.ar\/?page_id=183"},"modified":"2020-05-15T15:44:15","modified_gmt":"2020-05-15T18:44:15","slug":"teclados-linea-estandar","status":"publish","type":"page","link":"https:\/\/donflex.com.ar\/?page_id=183","title":{"rendered":"Teclados L\u00ednea Est\u00e1ndar"},"content":{"rendered":"\n<h2 class=\"wp-block-heading\">Con gr\u00e1fica impresa<\/h2>\n\n\n\n<p>Toque Flexible con y sin Relieve<br>Toque Burbuja<br>Toque Met\u00e1lico con y sin Relieve<\/p>\n\n\n\n<figure class=\"wp-block-table is-style-stripes\"><table><tbody><tr><td class=\"has-text-align-center\" data-align=\"center\">S<strong>TD14<\/strong><\/td><td class=\"has-text-align-center\" data-align=\"center\"><strong>STD24<\/strong><\/td><td class=\"has-text-align-center\" data-align=\"center\"><strong>STD34<\/strong><\/td><td class=\"has-text-align-center\" data-align=\"center\"><strong>STD44<\/strong><\/td><\/tr><tr><td class=\"has-text-align-center\" data-align=\"center\"><img loading=\"lazy\" decoding=\"async\" width=\"168\" height=\"502\" class=\"wp-image-200\" style=\"width: 53px;\" src=\"http:\/\/donflex.com.ar\/wp-content\/uploads\/2020\/05\/std14g.png\" alt=\"\" srcset=\"https:\/\/donflex.com.ar\/wp-content\/uploads\/2020\/05\/std14g.png 168w, https:\/\/donflex.com.ar\/wp-content\/uploads\/2020\/05\/std14g-100x300.png 100w\" sizes=\"(max-width: 168px) 100vw, 168px\" \/><\/td><td class=\"has-text-align-center\" data-align=\"center\"><img loading=\"lazy\" decoding=\"async\" width=\"272\" height=\"502\" class=\"wp-image-202\" style=\"width: 85px;\" src=\"http:\/\/donflex.com.ar\/wp-content\/uploads\/2020\/05\/std24g.png\" alt=\"\" srcset=\"https:\/\/donflex.com.ar\/wp-content\/uploads\/2020\/05\/std24g.png 272w, https:\/\/donflex.com.ar\/wp-content\/uploads\/2020\/05\/std24g-163x300.png 163w\" sizes=\"(max-width: 272px) 100vw, 272px\" \/><\/td><td class=\"has-text-align-center\" data-align=\"center\"><img loading=\"lazy\" decoding=\"async\" width=\"375\" height=\"502\" class=\"wp-image-205\" style=\"width: 118px;\" src=\"http:\/\/donflex.com.ar\/wp-content\/uploads\/2020\/05\/std34i.png\" alt=\"\" srcset=\"https:\/\/donflex.com.ar\/wp-content\/uploads\/2020\/05\/std34i.png 375w, https:\/\/donflex.com.ar\/wp-content\/uploads\/2020\/05\/std34i-224x300.png 224w\" sizes=\"(max-width: 375px) 100vw, 375px\" \/><\/td><td class=\"has-text-align-center\" data-align=\"center\"><img loading=\"lazy\" decoding=\"async\" width=\"478\" height=\"502\" class=\"wp-image-207\" style=\"width: 150px;\" src=\"http:\/\/donflex.com.ar\/wp-content\/uploads\/2020\/05\/std44g.png\" alt=\"\" srcset=\"https:\/\/donflex.com.ar\/wp-content\/uploads\/2020\/05\/std44g.png 478w, https:\/\/donflex.com.ar\/wp-content\/uploads\/2020\/05\/std44g-286x300.png 286w\" sizes=\"(max-width: 478px) 100vw, 478px\" \/><\/td><\/tr><\/tbody><\/table><\/figure>\n\n\n\n<hr class=\"wp-block-separator\"\/>\n\n\n\n<h2 class=\"wp-block-heading\">Con sobre para gr\u00e1fica insertable<\/h2>\n\n\n\n<p>Toque Flexible con y sin relieve<\/p>\n\n\n\n<figure class=\"wp-block-table is-style-stripes\"><table><tbody><tr><td class=\"has-text-align-center\" data-align=\"center\"><strong>STD14S<\/strong><\/td><td class=\"has-text-align-center\" data-align=\"center\"><strong>STD24S<\/strong><\/td><td class=\"has-text-align-center\" data-align=\"center\"><strong>STD34S<\/strong><\/td><td class=\"has-text-align-center\" data-align=\"center\"><strong>STD44S<\/strong><\/td><\/tr><tr><td class=\"has-text-align-center\" data-align=\"center\"><img loading=\"lazy\" decoding=\"async\" width=\"168\" height=\"502\" class=\"wp-image-201\" style=\"width: 53px;\" src=\"http:\/\/donflex.com.ar\/wp-content\/uploads\/2020\/05\/std14i.png\" alt=\"\" srcset=\"https:\/\/donflex.com.ar\/wp-content\/uploads\/2020\/05\/std14i.png 168w, https:\/\/donflex.com.ar\/wp-content\/uploads\/2020\/05\/std14i-100x300.png 100w\" sizes=\"(max-width: 168px) 100vw, 168px\" \/><\/td><td class=\"has-text-align-center\" data-align=\"center\"><img loading=\"lazy\" decoding=\"async\" width=\"272\" height=\"502\" class=\"wp-image-203\" style=\"width: 85px;\" src=\"http:\/\/donflex.com.ar\/wp-content\/uploads\/2020\/05\/std24i.png\" alt=\"\" srcset=\"https:\/\/donflex.com.ar\/wp-content\/uploads\/2020\/05\/std24i.png 272w, https:\/\/donflex.com.ar\/wp-content\/uploads\/2020\/05\/std24i-163x300.png 163w\" sizes=\"(max-width: 272px) 100vw, 272px\" \/><\/td><td class=\"has-text-align-center\" data-align=\"center\"><img loading=\"lazy\" decoding=\"async\" width=\"375\" height=\"502\" class=\"wp-image-206\" style=\"width: 118px;\" src=\"http:\/\/donflex.com.ar\/wp-content\/uploads\/2020\/05\/std35i.png\" alt=\"\" srcset=\"https:\/\/donflex.com.ar\/wp-content\/uploads\/2020\/05\/std35i.png 375w, https:\/\/donflex.com.ar\/wp-content\/uploads\/2020\/05\/std35i-224x300.png 224w\" sizes=\"(max-width: 375px) 100vw, 375px\" \/><\/td><td class=\"has-text-align-center\" data-align=\"center\"><img loading=\"lazy\" decoding=\"async\" width=\"478\" height=\"502\" class=\"wp-image-208\" style=\"width: 150px;\" src=\"http:\/\/donflex.com.ar\/wp-content\/uploads\/2020\/05\/std44i.png\" alt=\"\" srcset=\"https:\/\/donflex.com.ar\/wp-content\/uploads\/2020\/05\/std44i.png 478w, https:\/\/donflex.com.ar\/wp-content\/uploads\/2020\/05\/std44i-286x300.png 286w\" sizes=\"(max-width: 478px) 100vw, 478px\" \/><\/td><\/tr><\/tbody><\/table><\/figure>\n\n\n\n<hr class=\"wp-block-separator is-style-wide\"\/>\n\n\n\n<figure class=\"wp-block-table is-style-stripes\"><table><tbody><tr><td class=\"has-text-align-right\" data-align=\"right\"><\/td><td class=\"has-text-align-center\" data-align=\"center\">STD14<br>STD14S<\/td><td class=\"has-text-align-center\" data-align=\"center\">STD24<br>STD24S<\/td><td class=\"has-text-align-center\" data-align=\"center\">STD34<br>STD34s<\/td><td class=\"has-text-align-center\" data-align=\"center\">STD44<br>STD44s<\/td><\/tr><tr><td class=\"has-text-align-right\" data-align=\"right\">dimensiones<\/td><td class=\"has-text-align-center\" data-align=\"center\">28.5 x 85.0<\/td><td class=\"has-text-align-center\" data-align=\"center\">46.0 x 85.0<\/td><td class=\"has-text-align-center\" data-align=\"center\">63.5 x 85.0<\/td><td class=\"has-text-align-center\" data-align=\"center\">81.0 x 85.0<\/td><\/tr><tr><td class=\"has-text-align-right\" data-align=\"right\">matriz<\/td><td class=\"has-text-align-center\" data-align=\"center\">1 x 4<\/td><td class=\"has-text-align-center\" data-align=\"center\">2 x 4<\/td><td class=\"has-text-align-center\" data-align=\"center\">3 x 4<\/td><td class=\"has-text-align-center\" data-align=\"center\">4 x 4<\/td><\/tr><tr><td class=\"has-text-align-right\" data-align=\"right\">salida<\/td><td class=\"has-text-align-center\" data-align=\"center\">6 pines<\/td><td class=\"has-text-align-center\" data-align=\"center\">6 pines<\/td><td class=\"has-text-align-center\" data-align=\"center\">8 pines<\/td><td class=\"has-text-align-center\" data-align=\"center\">8 pines<\/td><\/tr><tr><td class=\"has-text-align-right\" data-align=\"right\">cable plano<\/td><td class=\"has-text-align-center\" data-align=\"center\">80<\/td><td class=\"has-text-align-center\" data-align=\"center\">80<\/td><td class=\"has-text-align-center\" data-align=\"center\">80<\/td><td class=\"has-text-align-center\" data-align=\"center\">80<\/td><\/tr><tr><td class=\"has-text-align-right\" data-align=\"right\">pin-out<\/td><td class=\"has-text-align-center\" data-align=\"center\">F1-F2-F3-F4-C1-L<\/td><td class=\"has-text-align-center\" data-align=\"center\">F1-F2-F3-F4-C1-C2<\/td><td class=\"has-text-align-center\" data-align=\"center\">F1-F2-F3-F4-C1-C2-C3-L<\/td><td class=\"has-text-align-center\" data-align=\"center\">F1-F2-F3-F4-C1-C2-C3-C4<\/td><\/tr><\/tbody><\/table><\/figure>\n\n\n\n<hr class=\"wp-block-separator is-style-wide\"\/>\n\n\n\n<p>Material de Frente: Policarbonato texturado, Poliester semi mate<\/p>\n\n\n\n<p>Resistencia el\u00e9ctrica:  100 Omhs m\u00e1x.<\/p>\n\n\n\n<p>Tensi\u00f3n m\u00e1xima: 30V<\/p>\n\n\n\n<p>Corriente m\u00e1xima: 10mA<\/p>\n\n\n\n<p>Temperatura de trabajo: -15 a 60\u00baC<\/p>\n\n\n\n<hr class=\"wp-block-separator\"\/>\n\n\n\n<h4 class=\"wp-block-heading\">Vida \u00fatil<\/h4>\n\n\n\n<p>Teclados toque flexible: 8.000.000 de operaciones<\/p>\n\n\n\n<p>Teclados toque burbuja: 4.000.000 de operaciones<\/p>\n\n\n\n<p>Teclados toque met\u00e1lico: 4.000.000 de operaciones<\/p>\n","protected":false},"excerpt":{"rendered":"<p>Con gr\u00e1fica impresa Toque Flexible con y sin RelieveToque BurbujaToque Met\u00e1lico con y sin Relieve STD14 STD24 STD34 STD44 Con sobre para gr\u00e1fica insertable Toque Flexible con y sin relieve STD14S STD24S STD34S STD44S STD14STD14S STD24STD24S STD34STD34s STD44STD44s dimensiones 28.5 x 85.0 46.0 x 85.0 63.5 x 85.0 81.0 x 85.0 matriz 1 x 4 [&hellip;]<\/p>\n","protected":false},"author":1,"featured_media":0,"parent":0,"menu_order":0,"comment_status":"closed","ping_status":"closed","template":"","meta":{"footnotes":"","_joinchat":[]},"_links":{"self":[{"href":"https:\/\/donflex.com.ar\/index.php?rest_route=\/wp\/v2\/pages\/183"}],"collection":[{"href":"https:\/\/donflex.com.ar\/index.php?rest_route=\/wp\/v2\/pages"}],"about":[{"href":"https:\/\/donflex.com.ar\/index.php?rest_route=\/wp\/v2\/types\/page"}],"author":[{"embeddable":true,"href":"https:\/\/donflex.com.ar\/index.php?rest_route=\/wp\/v2\/users\/1"}],"replies":[{"embeddable":true,"href":"https:\/\/donflex.com.ar\/index.php?rest_route=%2Fwp%2Fv2%2Fcomments&post=183"}],"version-history":[{"count":12,"href":"https:\/\/donflex.com.ar\/index.php?rest_route=\/wp\/v2\/pages\/183\/revisions"}],"predecessor-version":[{"id":219,"href":"https:\/\/donflex.com.ar\/index.php?rest_route=\/wp\/v2\/pages\/183\/revisions\/219"}],"wp:attachment":[{"href":"https:\/\/donflex.com.ar\/index.php?rest_route=%2Fwp%2Fv2%2Fmedia&parent=183"}],"curies":[{"name":"wp","href":"https:\/\/api.w.org\/{rel}","templated":true}]}}